{"id":16355,"date":"2022-07-22T12:02:11","date_gmt":"2022-07-22T10:02:11","guid":{"rendered":"https:\/\/www.martedistudio.com\/projectes\/"},"modified":"2024-04-08T13:48:25","modified_gmt":"2024-04-08T11:48:25","slug":"reforma-decoracio-habitatge","status":"publish","type":"page","link":"https:\/\/www.martedistudio.com\/ca\/reforma-decoracio-habitatge\/","title":{"rendered":"Projectes"},"content":{"rendered":"","protected":false},"excerpt":{"rendered":"","protected":false},"author":1,"featured_media":0,"parent":0,"menu_order":0,"comment_status":"closed","ping_status":"closed","template":"","meta":{"footnotes":""},"class_list":["post-16355","page","type-page","status-publish","hentry"],"yoast_head":"<!-- This site is optimized with the Yoast SEO plugin v27.5 - https:\/\/yoast.com\/product\/yoast-seo-wordpress\/ -->\n<title>Reforma integral i decoraci\u00f3 de vivendes a Barcelona. | Marted\u00ec Studio.<\/title>\n<meta name=\"description\" content=\"Som un estudi que ofereix un servei integral de reforma o obra nova i de decoraci\u00f3 pel teu habitatge. Comptem el suport d\u00b4un equip t\u00e8cnic especialitzat. Explica&#039;ns el teu projecte.\" \/>\n<meta name=\"robots\" content=\"index, follow, max-snippet:-1, max-image-preview:large, max-video-preview:-1\" \/>\n<link rel=\"canonical\" href=\"https:\/\/www.martedistudio.com\/ca\/reforma-decoracio-habitatge\/\" \/>\n<meta property=\"og:locale\" content=\"ca_ES\" \/>\n<meta property=\"og:type\" content=\"article\" \/>\n<meta property=\"og:title\" content=\"Reforma integral i decoraci\u00f3 de vivendes a Barcelona. | Marted\u00ec Studio.\" \/>\n<meta property=\"og:description\" content=\"Som un estudi que ofereix un servei integral de reforma o obra nova i de decoraci\u00f3 pel teu habitatge. Comptem el suport d\u00b4un equip t\u00e8cnic especialitzat. Explica&#039;ns el teu projecte.\" \/>\n<meta property=\"og:url\" content=\"https:\/\/www.martedistudio.com\/ca\/reforma-decoracio-habitatge\/\" \/>\n<meta property=\"og:site_name\" content=\"MARTED\u00cc\" \/>\n<meta property=\"article:modified_time\" content=\"2024-04-08T11:48:25+00:00\" \/>\n<meta name=\"twitter:card\" content=\"summary_large_image\" \/>\n<meta name=\"twitter:label1\" content=\"Temps estimat de lectura\" \/>\n\t<meta name=\"twitter:data1\" content=\"1 minut\" \/>\n<script type=\"application\/ld+json\" class=\"yoast-schema-graph\">{\"@context\":\"https:\\\/\\\/schema.org\",\"@graph\":[{\"@type\":\"WebPage\",\"@id\":\"https:\\\/\\\/www.martedistudio.com\\\/ca\\\/reforma-decoracio-habitatge\\\/\",\"url\":\"https:\\\/\\\/www.martedistudio.com\\\/ca\\\/reforma-decoracio-habitatge\\\/\",\"name\":\"Reforma integral i decoraci\u00f3 de vivendes a Barcelona. | Marted\u00ec Studio.\",\"isPartOf\":{\"@id\":\"https:\\\/\\\/www.martedistudio.com\\\/#website\"},\"datePublished\":\"2022-07-22T10:02:11+00:00\",\"dateModified\":\"2024-04-08T11:48:25+00:00\",\"description\":\"Som un estudi que ofereix un servei integral de reforma o obra nova i de decoraci\u00f3 pel teu habitatge. Comptem el suport d\u00b4un equip t\u00e8cnic especialitzat. Explica'ns el teu projecte.\",\"breadcrumb\":{\"@id\":\"https:\\\/\\\/www.martedistudio.com\\\/ca\\\/reforma-decoracio-habitatge\\\/#breadcrumb\"},\"inLanguage\":\"ca\",\"potentialAction\":[{\"@type\":\"ReadAction\",\"target\":[\"https:\\\/\\\/www.martedistudio.com\\\/ca\\\/reforma-decoracio-habitatge\\\/\"]}]},{\"@type\":\"BreadcrumbList\",\"@id\":\"https:\\\/\\\/www.martedistudio.com\\\/ca\\\/reforma-decoracio-habitatge\\\/#breadcrumb\",\"itemListElement\":[{\"@type\":\"ListItem\",\"position\":1,\"name\":\"Portada\",\"item\":\"https:\\\/\\\/www.martedistudio.com\\\/ca\\\/\"},{\"@type\":\"ListItem\",\"position\":2,\"name\":\"Projectes\"}]},{\"@type\":\"WebSite\",\"@id\":\"https:\\\/\\\/www.martedistudio.com\\\/#website\",\"url\":\"https:\\\/\\\/www.martedistudio.com\\\/\",\"name\":\"MARTED\u00cc\",\"description\":\"Studio\",\"potentialAction\":[{\"@type\":\"SearchAction\",\"target\":{\"@type\":\"EntryPoint\",\"urlTemplate\":\"https:\\\/\\\/www.martedistudio.com\\\/?s={search_term_string}\"},\"query-input\":{\"@type\":\"PropertyValueSpecification\",\"valueRequired\":true,\"valueName\":\"search_term_string\"}}],\"inLanguage\":\"ca\"}]}<\/script>\n<!-- \/ Yoast SEO plugin. -->","yoast_head_json":{"title":"Reforma integral i decoraci\u00f3 de vivendes a Barcelona. | Marted\u00ec Studio.","description":"Som un estudi que ofereix un servei integral de reforma o obra nova i de decoraci\u00f3 pel teu habitatge. Comptem el suport d\u00b4un equip t\u00e8cnic especialitzat. Explica'ns el teu projecte.","robots":{"index":"index","follow":"follow","max-snippet":"max-snippet:-1","max-image-preview":"max-image-preview:large","max-video-preview":"max-video-preview:-1"},"canonical":"https:\/\/www.martedistudio.com\/ca\/reforma-decoracio-habitatge\/","og_locale":"ca_ES","og_type":"article","og_title":"Reforma integral i decoraci\u00f3 de vivendes a Barcelona. | Marted\u00ec Studio.","og_description":"Som un estudi que ofereix un servei integral de reforma o obra nova i de decoraci\u00f3 pel teu habitatge. Comptem el suport d\u00b4un equip t\u00e8cnic especialitzat. Explica'ns el teu projecte.","og_url":"https:\/\/www.martedistudio.com\/ca\/reforma-decoracio-habitatge\/","og_site_name":"MARTED\u00cc","article_modified_time":"2024-04-08T11:48:25+00:00","twitter_card":"summary_large_image","twitter_misc":{"Temps estimat de lectura":"1 minut"},"schema":{"@context":"https:\/\/schema.org","@graph":[{"@type":"WebPage","@id":"https:\/\/www.martedistudio.com\/ca\/reforma-decoracio-habitatge\/","url":"https:\/\/www.martedistudio.com\/ca\/reforma-decoracio-habitatge\/","name":"Reforma integral i decoraci\u00f3 de vivendes a Barcelona. | Marted\u00ec Studio.","isPartOf":{"@id":"https:\/\/www.martedistudio.com\/#website"},"datePublished":"2022-07-22T10:02:11+00:00","dateModified":"2024-04-08T11:48:25+00:00","description":"Som un estudi que ofereix un servei integral de reforma o obra nova i de decoraci\u00f3 pel teu habitatge. Comptem el suport d\u00b4un equip t\u00e8cnic especialitzat. Explica'ns el teu projecte.","breadcrumb":{"@id":"https:\/\/www.martedistudio.com\/ca\/reforma-decoracio-habitatge\/#breadcrumb"},"inLanguage":"ca","potentialAction":[{"@type":"ReadAction","target":["https:\/\/www.martedistudio.com\/ca\/reforma-decoracio-habitatge\/"]}]},{"@type":"BreadcrumbList","@id":"https:\/\/www.martedistudio.com\/ca\/reforma-decoracio-habitatge\/#breadcrumb","itemListElement":[{"@type":"ListItem","position":1,"name":"Portada","item":"https:\/\/www.martedistudio.com\/ca\/"},{"@type":"ListItem","position":2,"name":"Projectes"}]},{"@type":"WebSite","@id":"https:\/\/www.martedistudio.com\/#website","url":"https:\/\/www.martedistudio.com\/","name":"MARTED\u00cc","description":"Studio","potentialAction":[{"@type":"SearchAction","target":{"@type":"EntryPoint","urlTemplate":"https:\/\/www.martedistudio.com\/?s={search_term_string}"},"query-input":{"@type":"PropertyValueSpecification","valueRequired":true,"valueName":"search_term_string"}}],"inLanguage":"ca"}]}},"_links":{"self":[{"href":"https:\/\/www.martedistudio.com\/ca\/wp-json\/wp\/v2\/pages\/16355","targetHints":{"allow":["GET"]}}],"collection":[{"href":"https:\/\/www.martedistudio.com\/ca\/wp-json\/wp\/v2\/pages"}],"about":[{"href":"https:\/\/www.martedistudio.com\/ca\/wp-json\/wp\/v2\/types\/page"}],"author":[{"embeddable":true,"href":"https:\/\/www.martedistudio.com\/ca\/wp-json\/wp\/v2\/users\/1"}],"replies":[{"embeddable":true,"href":"https:\/\/www.martedistudio.com\/ca\/wp-json\/wp\/v2\/comments?post=16355"}],"version-history":[{"count":3,"href":"https:\/\/www.martedistudio.com\/ca\/wp-json\/wp\/v2\/pages\/16355\/revisions"}],"predecessor-version":[{"id":16456,"href":"https:\/\/www.martedistudio.com\/ca\/wp-json\/wp\/v2\/pages\/16355\/revisions\/16456"}],"wp:attachment":[{"href":"https:\/\/www.martedistudio.com\/ca\/wp-json\/wp\/v2\/media?parent=16355"}],"curies":[{"name":"wp","href":"https:\/\/api.w.org\/{rel}","templated":true}]}}