{"id":16360,"date":"2022-07-26T12:48:20","date_gmt":"2022-07-26T10:48:20","guid":{"rendered":"https:\/\/www.martedistudio.com\/nosaltres\/"},"modified":"2022-09-02T08:51:43","modified_gmt":"2022-09-02T06:51:43","slug":"estudi-interiorisme-barcelona","status":"publish","type":"page","link":"https:\/\/www.martedistudio.com\/ca\/estudi-interiorisme-barcelona\/","title":{"rendered":"Nosaltres"},"content":{"rendered":"","protected":false},"excerpt":{"rendered":"","protected":false},"author":1,"featured_media":0,"parent":0,"menu_order":0,"comment_status":"closed","ping_status":"closed","template":"","meta":{"footnotes":""},"class_list":["post-16360","page","type-page","status-publish","hentry"],"yoast_head":"<!-- This site is optimized with the Yoast SEO plugin v27.5 - https:\/\/yoast.com\/product\/yoast-seo-wordpress\/ -->\n<title>Estudi d\u00b4interiorisme a Barcelona. | Marted\u00ec Studio.<\/title>\n<meta name=\"description\" content=\"MARTED\u00cc Studio neix com a estudi d&#039;interiorisme a Barcelona. Treballem en projectes d&#039;interiorisme en la completa execuci\u00f3: des de l&#039;enc\u00e0rrec fins al lliurament de claus.\" \/>\n<meta name=\"robots\" content=\"index, follow, max-snippet:-1, max-image-preview:large, max-video-preview:-1\" \/>\n<link rel=\"canonical\" href=\"https:\/\/www.martedistudio.com\/ca\/estudi-interiorisme-barcelona\/\" \/>\n<meta property=\"og:locale\" content=\"ca_ES\" \/>\n<meta property=\"og:type\" content=\"article\" \/>\n<meta property=\"og:title\" content=\"Estudi d\u00b4interiorisme a Barcelona. | Marted\u00ec Studio.\" \/>\n<meta property=\"og:description\" content=\"MARTED\u00cc Studio neix com a estudi d&#039;interiorisme a Barcelona. Treballem en projectes d&#039;interiorisme en la completa execuci\u00f3: des de l&#039;enc\u00e0rrec fins al lliurament de claus.\" \/>\n<meta property=\"og:url\" content=\"https:\/\/www.martedistudio.com\/ca\/estudi-interiorisme-barcelona\/\" \/>\n<meta property=\"og:site_name\" content=\"MARTED\u00cc\" \/>\n<meta property=\"article:modified_time\" content=\"2022-09-02T06:51:43+00:00\" \/>\n<meta name=\"twitter:card\" content=\"summary_large_image\" \/>\n<script type=\"application\/ld+json\" class=\"yoast-schema-graph\">{\"@context\":\"https:\\\/\\\/schema.org\",\"@graph\":[{\"@type\":\"WebPage\",\"@id\":\"https:\\\/\\\/www.martedistudio.com\\\/ca\\\/estudi-interiorisme-barcelona\\\/\",\"url\":\"https:\\\/\\\/www.martedistudio.com\\\/ca\\\/estudi-interiorisme-barcelona\\\/\",\"name\":\"Estudi d\u00b4interiorisme a Barcelona. | Marted\u00ec Studio.\",\"isPartOf\":{\"@id\":\"https:\\\/\\\/www.martedistudio.com\\\/#website\"},\"datePublished\":\"2022-07-26T10:48:20+00:00\",\"dateModified\":\"2022-09-02T06:51:43+00:00\",\"description\":\"MARTED\u00cc Studio neix com a estudi d'interiorisme a Barcelona. Treballem en projectes d'interiorisme en la completa execuci\u00f3: des de l'enc\u00e0rrec fins al lliurament de claus.\",\"breadcrumb\":{\"@id\":\"https:\\\/\\\/www.martedistudio.com\\\/ca\\\/estudi-interiorisme-barcelona\\\/#breadcrumb\"},\"inLanguage\":\"ca\",\"potentialAction\":[{\"@type\":\"ReadAction\",\"target\":[\"https:\\\/\\\/www.martedistudio.com\\\/ca\\\/estudi-interiorisme-barcelona\\\/\"]}]},{\"@type\":\"BreadcrumbList\",\"@id\":\"https:\\\/\\\/www.martedistudio.com\\\/ca\\\/estudi-interiorisme-barcelona\\\/#breadcrumb\",\"itemListElement\":[{\"@type\":\"ListItem\",\"position\":1,\"name\":\"Portada\",\"item\":\"https:\\\/\\\/www.martedistudio.com\\\/ca\\\/\"},{\"@type\":\"ListItem\",\"position\":2,\"name\":\"Nosaltres\"}]},{\"@type\":\"WebSite\",\"@id\":\"https:\\\/\\\/www.martedistudio.com\\\/#website\",\"url\":\"https:\\\/\\\/www.martedistudio.com\\\/\",\"name\":\"MARTED\u00cc\",\"description\":\"Studio\",\"potentialAction\":[{\"@type\":\"SearchAction\",\"target\":{\"@type\":\"EntryPoint\",\"urlTemplate\":\"https:\\\/\\\/www.martedistudio.com\\\/?s={search_term_string}\"},\"query-input\":{\"@type\":\"PropertyValueSpecification\",\"valueRequired\":true,\"valueName\":\"search_term_string\"}}],\"inLanguage\":\"ca\"}]}<\/script>\n<!-- \/ Yoast SEO plugin. -->","yoast_head_json":{"title":"Estudi d\u00b4interiorisme a Barcelona. | Marted\u00ec Studio.","description":"MARTED\u00cc Studio neix com a estudi d'interiorisme a Barcelona. Treballem en projectes d'interiorisme en la completa execuci\u00f3: des de l'enc\u00e0rrec fins al lliurament de claus.","robots":{"index":"index","follow":"follow","max-snippet":"max-snippet:-1","max-image-preview":"max-image-preview:large","max-video-preview":"max-video-preview:-1"},"canonical":"https:\/\/www.martedistudio.com\/ca\/estudi-interiorisme-barcelona\/","og_locale":"ca_ES","og_type":"article","og_title":"Estudi d\u00b4interiorisme a Barcelona. | Marted\u00ec Studio.","og_description":"MARTED\u00cc Studio neix com a estudi d'interiorisme a Barcelona. Treballem en projectes d'interiorisme en la completa execuci\u00f3: des de l'enc\u00e0rrec fins al lliurament de claus.","og_url":"https:\/\/www.martedistudio.com\/ca\/estudi-interiorisme-barcelona\/","og_site_name":"MARTED\u00cc","article_modified_time":"2022-09-02T06:51:43+00:00","twitter_card":"summary_large_image","schema":{"@context":"https:\/\/schema.org","@graph":[{"@type":"WebPage","@id":"https:\/\/www.martedistudio.com\/ca\/estudi-interiorisme-barcelona\/","url":"https:\/\/www.martedistudio.com\/ca\/estudi-interiorisme-barcelona\/","name":"Estudi d\u00b4interiorisme a Barcelona. | Marted\u00ec Studio.","isPartOf":{"@id":"https:\/\/www.martedistudio.com\/#website"},"datePublished":"2022-07-26T10:48:20+00:00","dateModified":"2022-09-02T06:51:43+00:00","description":"MARTED\u00cc Studio neix com a estudi d'interiorisme a Barcelona. Treballem en projectes d'interiorisme en la completa execuci\u00f3: des de l'enc\u00e0rrec fins al lliurament de claus.","breadcrumb":{"@id":"https:\/\/www.martedistudio.com\/ca\/estudi-interiorisme-barcelona\/#breadcrumb"},"inLanguage":"ca","potentialAction":[{"@type":"ReadAction","target":["https:\/\/www.martedistudio.com\/ca\/estudi-interiorisme-barcelona\/"]}]},{"@type":"BreadcrumbList","@id":"https:\/\/www.martedistudio.com\/ca\/estudi-interiorisme-barcelona\/#breadcrumb","itemListElement":[{"@type":"ListItem","position":1,"name":"Portada","item":"https:\/\/www.martedistudio.com\/ca\/"},{"@type":"ListItem","position":2,"name":"Nosaltres"}]},{"@type":"WebSite","@id":"https:\/\/www.martedistudio.com\/#website","url":"https:\/\/www.martedistudio.com\/","name":"MARTED\u00cc","description":"Studio","potentialAction":[{"@type":"SearchAction","target":{"@type":"EntryPoint","urlTemplate":"https:\/\/www.martedistudio.com\/?s={search_term_string}"},"query-input":{"@type":"PropertyValueSpecification","valueRequired":true,"valueName":"search_term_string"}}],"inLanguage":"ca"}]}},"_links":{"self":[{"href":"https:\/\/www.martedistudio.com\/ca\/wp-json\/wp\/v2\/pages\/16360","targetHints":{"allow":["GET"]}}],"collection":[{"href":"https:\/\/www.martedistudio.com\/ca\/wp-json\/wp\/v2\/pages"}],"about":[{"href":"https:\/\/www.martedistudio.com\/ca\/wp-json\/wp\/v2\/types\/page"}],"author":[{"embeddable":true,"href":"https:\/\/www.martedistudio.com\/ca\/wp-json\/wp\/v2\/users\/1"}],"replies":[{"embeddable":true,"href":"https:\/\/www.martedistudio.com\/ca\/wp-json\/wp\/v2\/comments?post=16360"}],"version-history":[{"count":2,"href":"https:\/\/www.martedistudio.com\/ca\/wp-json\/wp\/v2\/pages\/16360\/revisions"}],"predecessor-version":[{"id":16362,"href":"https:\/\/www.martedistudio.com\/ca\/wp-json\/wp\/v2\/pages\/16360\/revisions\/16362"}],"wp:attachment":[{"href":"https:\/\/www.martedistudio.com\/ca\/wp-json\/wp\/v2\/media?parent=16360"}],"curies":[{"name":"wp","href":"https:\/\/api.w.org\/{rel}","templated":true}]}}